{"id":22,"date":"2022-02-25T19:03:21","date_gmt":"2022-02-25T18:03:21","guid":{"rendered":"http:\/\/bihekydu.cyon.site\/?page_id=22"},"modified":"2024-02-29T15:28:32","modified_gmt":"2024-02-29T14:28:32","slug":"kontakt","status":"publish","type":"page","link":"https:\/\/benvi.ch\/de\/kontakt\/","title":{"rendered":"Kontakt"},"content":{"rendered":"\t\t<div data-elementor-type=\"wp-page\" data-elementor-id=\"22\" class=\"elementor elementor-22\" data-elementor-post-type=\"page\">\n\t\t\t\t\t\t<section class=\"elementor-section elementor-top-section elementor-element elementor-element-d1cf9b6 elementor-section-boxed elementor-section-height-default elementor-section-height-default\" data-id=\"d1cf9b6\" data-element_type=\"section\" data-e-type=\"section\" data-settings=\"{&quot;background_background&quot;:&quot;classic&quot;}\">\n\t\t\t\t\t\t\t<div class=\"elementor-background-overlay\"><\/div>\n\t\t\t\t\t\t\t<div class=\"elementor-container elementor-column-gap-wide\">\n\t\t\t\t\t<div class=\"elementor-column elementor-col-100 elementor-top-column elementor-element elementor-element-2dfa1a9\" data-id=\"2dfa1a9\" data-element_type=\"column\" data-e-type=\"column\">\n\t\t\t<div class=\"elementor-widget-wrap elementor-element-populated\">\n\t\t\t\t\t\t<section class=\"elementor-section elementor-inner-section elementor-element elementor-element-783e16d elementor-section-boxed elementor-section-height-default elementor-section-height-default\" data-id=\"783e16d\" data-element_type=\"section\" data-e-type=\"section\">\n\t\t\t\t\t\t<div class=\"elementor-container elementor-column-gap-default\">\n\t\t\t\t\t<div class=\"elementor-column elementor-col-100 elementor-inner-column elementor-element elementor-element-9e63b3b\" data-id=\"9e63b3b\" data-element_type=\"column\" data-e-type=\"column\">\n\t\t\t<div class=\"elementor-widget-wrap elementor-element-populated\">\n\t\t\t\t\t\t<div class=\"elementor-element elementor-element-758c4dca elementor-widget elementor-widget-heading\" data-id=\"758c4dca\" data-element_type=\"widget\" data-e-type=\"widget\" data-widget_type=\"heading.default\">\n\t\t\t\t<div class=\"elementor-widget-container\">\n\t\t\t\t\t<h1 class=\"elementor-heading-title elementor-size-default\">Kontakt<\/h1>\t\t\t\t<\/div>\n\t\t\t\t<\/div>\n\t\t\t\t\t<\/div>\n\t\t<\/div>\n\t\t\t\t\t<\/div>\n\t\t<\/section>\n\t\t\t\t<section class=\"elementor-section elementor-inner-section elementor-element elementor-element-c737fe7 elementor-section-boxed elementor-section-height-default elementor-section-height-default\" data-id=\"c737fe7\" data-element_type=\"section\" data-e-type=\"section\">\n\t\t\t\t\t\t<div class=\"elementor-container elementor-column-gap-default\">\n\t\t\t\t\t<div class=\"elementor-column elementor-col-50 elementor-inner-column elementor-element elementor-element-53517f7\" data-id=\"53517f7\" data-element_type=\"column\" data-e-type=\"column\">\n\t\t\t<div class=\"elementor-widget-wrap elementor-element-populated\">\n\t\t\t\t\t\t<div class=\"elementor-element elementor-element-25d45c35 elementor-widget elementor-widget-text-editor\" data-id=\"25d45c35\" data-element_type=\"widget\" data-e-type=\"widget\" data-widget_type=\"text-editor.default\">\n\t\t\t\t<div class=\"elementor-widget-container\">\n\t\t\t\t\t\t\t\t\t<h3><strong>Benvi AG<\/strong><\/h3><p>Businesscenter<br \/>Sennweidstrasse 43<br \/>6312 Steinhausen<\/p><p>Tel. +41 (0) 58 058 23 23<br \/><span style=\"color: var( --e-global-color-text ); font-family: var( --e-global-typography-text-font-family ), Sans-serif; font-weight: var( --e-global-typography-text-font-weight ); font-size: 1rem;\">Mail: <\/span><a style=\"font-family: var( --e-global-typography-text-font-family ), Sans-serif; font-weight: var( --e-global-typography-text-font-weight ); background-color: #ffffff; font-size: 1rem;\" href=\"mailto:service@benvi.ch\">service@benvi.ch<\/a><\/p><p>Die Benvi AG wurde gegr\u00fcndet, um nationalen und internationalen Unternehmen die M\u00f6glichkeit zu bieten, im Raume Zug zu fairen Preisen attraktive R\u00e4umlichkeiten zur Verf\u00fcgung zu stellen.\u00a0<\/p><p>Weitere Dienstleistungen stehen s\u00e4mtlichen Mietern zu Vorzugskonditionen bereit.\u00a0<\/p><p>Die Inhaber der Benvi AG sind kantonal, national aber auch international sehr gut vernetzt und sie stehen f\u00fcr Fragen und Diskussionen mit professioneller und diskreter Unterst\u00fctzung zeitlich flexibel zur Verf\u00fcgung.<\/p>\t\t\t\t\t\t\t\t<\/div>\n\t\t\t\t<\/div>\n\t\t\t\t\t<\/div>\n\t\t<\/div>\n\t\t\t\t<div class=\"elementor-column elementor-col-50 elementor-inner-column elementor-element elementor-element-abcd309\" data-id=\"abcd309\" data-element_type=\"column\" data-e-type=\"column\">\n\t\t\t<div class=\"elementor-widget-wrap elementor-element-populated\">\n\t\t\t\t\t\t<div class=\"elementor-element elementor-element-1cb8a443 elementor-button-align-stretch elementor-widget elementor-widget-form\" data-id=\"1cb8a443\" data-element_type=\"widget\" data-e-type=\"widget\" data-settings=\"{&quot;step_next_label&quot;:&quot;Next&quot;,&quot;step_previous_label&quot;:&quot;Previous&quot;,&quot;button_width&quot;:&quot;100&quot;,&quot;step_type&quot;:&quot;number_text&quot;,&quot;step_icon_shape&quot;:&quot;circle&quot;}\" data-widget_type=\"form.default\">\n\t\t\t\t<div class=\"elementor-widget-container\">\n\t\t\t\t\t\t\t<form class=\"elementor-form\" method=\"post\" name=\"Kontaktformular\" aria-label=\"Kontaktformular\">\n\t\t\t<input type=\"hidden\" name=\"post_id\" value=\"22\"\/>\n\t\t\t<input type=\"hidden\" name=\"form_id\" value=\"1cb8a443\"\/>\n\t\t\t<input type=\"hidden\" name=\"referer_title\" value=\"BENVI AG\" \/>\n\n\t\t\t\n\t\t\t<div class=\"elementor-form-fields-wrapper elementor-labels-above\">\n\t\t\t\t\t\t\t\t<div class=\"elementor-field-type-text elementor-field-group elementor-column elementor-field-group-field_f82bcfe elementor-col-50 elementor-field-required elementor-mark-required\">\n\t\t\t\t\t\t\t\t\t\t\t\t<label for=\"form-field-field_f82bcfe\" class=\"elementor-field-label\">\n\t\t\t\t\t\t\t\tVornamen\t\t\t\t\t\t\t<\/label>\n\t\t\t\t\t\t\t\t\t\t\t\t\t\t<input size=\"1\" type=\"text\" name=\"form_fields[field_f82bcfe]\" id=\"form-field-field_f82bcfe\" class=\"elementor-field elementor-size-sm  elementor-field-textual\" placeholder=\"Vornamen\" required=\"required\">\n\t\t\t\t\t\t\t\t\t\t\t<\/div>\n\t\t\t\t\t\t\t\t<div class=\"elementor-field-type-text elementor-field-group elementor-column elementor-field-group-field_22f0311 elementor-col-50 elementor-field-required elementor-mark-required\">\n\t\t\t\t\t\t\t\t\t\t\t\t<label for=\"form-field-field_22f0311\" class=\"elementor-field-label\">\n\t\t\t\t\t\t\t\tName\t\t\t\t\t\t\t<\/label>\n\t\t\t\t\t\t\t\t\t\t\t\t\t\t<input size=\"1\" type=\"text\" name=\"form_fields[field_22f0311]\" id=\"form-field-field_22f0311\" class=\"elementor-field elementor-size-sm  elementor-field-textual\" placeholder=\"Name\" required=\"required\">\n\t\t\t\t\t\t\t\t\t\t\t<\/div>\n\t\t\t\t\t\t\t\t<div class=\"elementor-field-type-text elementor-field-group elementor-column elementor-field-group-field_6b84076 elementor-col-100 elementor-field-required elementor-mark-required\">\n\t\t\t\t\t\t\t\t\t\t\t\t<label for=\"form-field-field_6b84076\" class=\"elementor-field-label\">\n\t\t\t\t\t\t\t\tAdresse\t\t\t\t\t\t\t<\/label>\n\t\t\t\t\t\t\t\t\t\t\t\t\t\t<input size=\"1\" type=\"text\" name=\"form_fields[field_6b84076]\" id=\"form-field-field_6b84076\" class=\"elementor-field elementor-size-sm  elementor-field-textual\" placeholder=\"Adresse\" required=\"required\">\n\t\t\t\t\t\t\t\t\t\t\t<\/div>\n\t\t\t\t\t\t\t\t<div class=\"elementor-field-type-text elementor-field-group elementor-column elementor-field-group-field_b325fba elementor-col-100\">\n\t\t\t\t\t\t\t\t\t\t\t\t<label for=\"form-field-field_b325fba\" class=\"elementor-field-label\">\n\t\t\t\t\t\t\t\tLand\t\t\t\t\t\t\t<\/label>\n\t\t\t\t\t\t\t\t\t\t\t\t\t\t<input size=\"1\" type=\"text\" name=\"form_fields[field_b325fba]\" id=\"form-field-field_b325fba\" class=\"elementor-field elementor-size-sm  elementor-field-textual\" placeholder=\"Land\">\n\t\t\t\t\t\t\t\t\t\t\t<\/div>\n\t\t\t\t\t\t\t\t<div class=\"elementor-field-type-text elementor-field-group elementor-column elementor-field-group-field_3ca3c98 elementor-col-100\">\n\t\t\t\t\t\t\t\t\t\t\t\t<label for=\"form-field-field_3ca3c98\" class=\"elementor-field-label\">\n\t\t\t\t\t\t\t\tFirma\t\t\t\t\t\t\t<\/label>\n\t\t\t\t\t\t\t\t\t\t\t\t\t\t<input size=\"1\" type=\"text\" name=\"form_fields[field_3ca3c98]\" id=\"form-field-field_3ca3c98\" class=\"elementor-field elementor-size-sm  elementor-field-textual\" placeholder=\"Firma\">\n\t\t\t\t\t\t\t\t\t\t\t<\/div>\n\t\t\t\t\t\t\t\t<div class=\"elementor-field-type-email elementor-field-group elementor-column elementor-field-group-email elementor-col-100 elementor-field-required elementor-mark-required\">\n\t\t\t\t\t\t\t\t\t\t\t\t<label for=\"form-field-email\" class=\"elementor-field-label\">\n\t\t\t\t\t\t\t\tE-Mail\t\t\t\t\t\t\t<\/label>\n\t\t\t\t\t\t\t\t\t\t\t\t\t\t<input size=\"1\" type=\"email\" name=\"form_fields[email]\" id=\"form-field-email\" class=\"elementor-field elementor-size-sm  elementor-field-textual\" placeholder=\"E-Mail\" required=\"required\">\n\t\t\t\t\t\t\t\t\t\t\t<\/div>\n\t\t\t\t\t\t\t\t<div class=\"elementor-field-type-textarea elementor-field-group elementor-column elementor-field-group-message elementor-col-100 elementor-field-required elementor-mark-required\">\n\t\t\t\t\t\t\t\t\t\t\t\t<label for=\"form-field-message\" class=\"elementor-field-label\">\n\t\t\t\t\t\t\t\tAnliegen\t\t\t\t\t\t\t<\/label>\n\t\t\t\t\t\t<textarea class=\"elementor-field-textual elementor-field  elementor-size-sm\" name=\"form_fields[message]\" id=\"form-field-message\" rows=\"4\" placeholder=\"Anliegen\" required=\"required\"><\/textarea>\t\t\t\t<\/div>\n\t\t\t\t\t\t\t\t<div class=\"elementor-field-type-recaptcha_v3 elementor-field-group elementor-column elementor-field-group-field_cd82dce elementor-col-100 recaptcha_v3-bottomright\">\n\t\t\t\t\t<div class=\"elementor-field\" id=\"form-field-field_cd82dce\"><div class=\"elementor-g-recaptcha\" data-sitekey=\"6Lf2koMpAAAAAIYFKmcpwVBt63J7qX1IwdvlwbrF\" data-type=\"v3\" data-action=\"Form\" data-badge=\"bottomright\" data-size=\"invisible\"><\/div><\/div>\t\t\t\t<\/div>\n\t\t\t\t\t\t\t\t<div class=\"elementor-field-group elementor-column elementor-field-type-submit elementor-col-100 e-form__buttons\">\n\t\t\t\t\t<button class=\"elementor-button elementor-size-sm\" type=\"submit\">\n\t\t\t\t\t\t<span class=\"elementor-button-content-wrapper\">\n\t\t\t\t\t\t\t\t\t\t\t\t\t\t\t\t\t\t\t\t\t\t<span class=\"elementor-button-text\">Abschicken<\/span>\n\t\t\t\t\t\t\t\t\t\t\t\t\t<\/span>\n\t\t\t\t\t<\/button>\n\t\t\t\t<\/div>\n\t\t\t<\/div>\n\t\t<\/form>\n\t\t\t\t\t\t<\/div>\n\t\t\t\t<\/div>\n\t\t\t\t\t<\/div>\n\t\t<\/div>\n\t\t\t\t\t<\/div>\n\t\t<\/section>\n\t\t\t\t<section class=\"elementor-section elementor-inner-section elementor-element elementor-element-917e057 elementor-section-boxed elementor-section-height-default elementor-section-height-default\" data-id=\"917e057\" data-element_type=\"section\" data-e-type=\"section\">\n\t\t\t\t\t\t<div class=\"elementor-container elementor-column-gap-default\">\n\t\t\t\t\t<div class=\"elementor-column elementor-col-100 elementor-inner-column elementor-element elementor-element-362b1ed\" data-id=\"362b1ed\" data-element_type=\"column\" data-e-type=\"column\">\n\t\t\t<div class=\"elementor-widget-wrap elementor-element-populated\">\n\t\t\t\t\t\t<div class=\"elementor-element elementor-element-d8a5b6f elementor-widget elementor-widget-heading\" data-id=\"d8a5b6f\" data-element_type=\"widget\" data-e-type=\"widget\" data-widget_type=\"heading.default\">\n\t\t\t\t<div class=\"elementor-widget-container\">\n\t\t\t\t\t<h2 class=\"elementor-heading-title elementor-size-default\">Anreise<\/h2>\t\t\t\t<\/div>\n\t\t\t\t<\/div>\n\t\t\t\t<div class=\"elementor-element elementor-element-8dfc94c elementor-widget elementor-widget-google_maps\" data-id=\"8dfc94c\" data-element_type=\"widget\" data-e-type=\"widget\" data-widget_type=\"google_maps.default\">\n\t\t\t\t<div class=\"elementor-widget-container\">\n\t\t\t\t\t\t\t<div class=\"elementor-custom-embed\">\n\t\t\t<iframe loading=\"lazy\"\n\t\t\t\t\tsrc=\"https:\/\/maps.google.com\/maps?q=Sennweidstrasse%2043%2C%206312%20Steinhausen&#038;t=m&#038;z=14&#038;output=embed&#038;iwloc=near\"\n\t\t\t\t\ttitle=\"Sennweidstrasse 43, 6312 Steinhausen\"\n\t\t\t\t\taria-label=\"Sennweidstrasse 43, 6312 Steinhausen\"\n\t\t\t><\/iframe>\n\t\t<\/div>\n\t\t\t\t\t\t<\/div>\n\t\t\t\t<\/div>\n\t\t\t\t\t<\/div>\n\t\t<\/div>\n\t\t\t\t\t<\/div>\n\t\t<\/section>\n\t\t\t\t\t<\/div>\n\t\t<\/div>\n\t\t\t\t\t<\/div>\n\t\t<\/section>\n\t\t\t\t<\/div>\n\t\t","protected":false},"excerpt":{"rendered":"<p>Benvi AG BusinesscenterSennweidstrasse 436312 Steinhausen Tel. +41 (0) 58 058 23 23Mail: service@benvi.ch Die Benvi AG wurde gegr\u00fcndet, um nationalen und internationalen Unternehmen die M\u00f6glichkeit zu bieten, im Raume Zug zu fairen Preisen attraktive R\u00e4umlichkeiten zur Verf\u00fcgung zu stellen.\u00a0 Weitere Dienstleistungen stehen s\u00e4mtlichen Mietern zu Vorzugskonditionen bereit.\u00a0 Die Inhaber der Benvi AG sind kantonal, national [&hellip;]<\/p>\n","protected":false},"author":1,"featured_media":0,"parent":0,"menu_order":0,"comment_status":"closed","ping_status":"closed","template":"","meta":{"footnotes":""},"class_list":["post-22","page","type-page","status-publish","hentry"],"yoast_head":"<!-- This site is optimized with the Yoast SEO plugin v27.4 - https:\/\/yoast.com\/product\/yoast-seo-wordpress\/ -->\n<title>Kontakt - BENVI AG<\/title>\n<meta name=\"robots\" content=\"index, follow, max-snippet:-1, max-image-preview:large, max-video-preview:-1\" \/>\n<link rel=\"canonical\" href=\"https:\/\/benvi.ch\/de\/kontakt\/\" \/>\n<meta property=\"og:locale\" content=\"de_DE\" \/>\n<meta property=\"og:type\" content=\"article\" \/>\n<meta property=\"og:title\" content=\"Kontakt - BENVI AG\" \/>\n<meta property=\"og:description\" content=\"Benvi AG BusinesscenterSennweidstrasse 436312 Steinhausen Tel. +41 (0) 58 058 23 23Mail: service@benvi.ch Die Benvi AG wurde gegr\u00fcndet, um nationalen und internationalen Unternehmen die M\u00f6glichkeit zu bieten, im Raume Zug zu fairen Preisen attraktive R\u00e4umlichkeiten zur Verf\u00fcgung zu stellen.\u00a0 Weitere Dienstleistungen stehen s\u00e4mtlichen Mietern zu Vorzugskonditionen bereit.\u00a0 Die Inhaber der Benvi AG sind kantonal, national [&hellip;]\" \/>\n<meta property=\"og:url\" content=\"https:\/\/benvi.ch\/de\/kontakt\/\" \/>\n<meta property=\"og:site_name\" content=\"BENVI AG\" \/>\n<meta property=\"article:modified_time\" content=\"2024-02-29T14:28:32+00:00\" \/>\n<meta name=\"twitter:card\" content=\"summary_large_image\" \/>\n<meta name=\"twitter:label1\" content=\"Gesch\u00e4tzte Lesezeit\" \/>\n\t<meta name=\"twitter:data1\" content=\"1\u00a0Minute\" \/>\n<script type=\"application\/ld+json\" class=\"yoast-schema-graph\">{\"@context\":\"https:\\\/\\\/schema.org\",\"@graph\":[{\"@type\":\"WebPage\",\"@id\":\"https:\\\/\\\/benvi.ch\\\/de\\\/kontakt\\\/\",\"url\":\"https:\\\/\\\/benvi.ch\\\/de\\\/kontakt\\\/\",\"name\":\"Kontakt - BENVI AG\",\"isPartOf\":{\"@id\":\"https:\\\/\\\/benvi.ch\\\/de\\\/#website\"},\"datePublished\":\"2022-02-25T18:03:21+00:00\",\"dateModified\":\"2024-02-29T14:28:32+00:00\",\"breadcrumb\":{\"@id\":\"https:\\\/\\\/benvi.ch\\\/de\\\/kontakt\\\/#breadcrumb\"},\"inLanguage\":\"de\",\"potentialAction\":[{\"@type\":\"ReadAction\",\"target\":[\"https:\\\/\\\/benvi.ch\\\/de\\\/kontakt\\\/\"]}]},{\"@type\":\"BreadcrumbList\",\"@id\":\"https:\\\/\\\/benvi.ch\\\/de\\\/kontakt\\\/#breadcrumb\",\"itemListElement\":[{\"@type\":\"ListItem\",\"position\":1,\"name\":\"Home\",\"item\":\"https:\\\/\\\/benvi.ch\\\/de\\\/\"},{\"@type\":\"ListItem\",\"position\":2,\"name\":\"Kontakt\"}]},{\"@type\":\"WebSite\",\"@id\":\"https:\\\/\\\/benvi.ch\\\/de\\\/#website\",\"url\":\"https:\\\/\\\/benvi.ch\\\/de\\\/\",\"name\":\"BENVI AG\",\"description\":\"Businesscenter\",\"publisher\":{\"@id\":\"https:\\\/\\\/benvi.ch\\\/de\\\/#organization\"},\"potentialAction\":[{\"@type\":\"SearchAction\",\"target\":{\"@type\":\"EntryPoint\",\"urlTemplate\":\"https:\\\/\\\/benvi.ch\\\/de\\\/?s={search_term_string}\"},\"query-input\":{\"@type\":\"PropertyValueSpecification\",\"valueRequired\":true,\"valueName\":\"search_term_string\"}}],\"inLanguage\":\"de\"},{\"@type\":\"Organization\",\"@id\":\"https:\\\/\\\/benvi.ch\\\/de\\\/#organization\",\"name\":\"BENVI AG\",\"url\":\"https:\\\/\\\/benvi.ch\\\/de\\\/\",\"logo\":{\"@type\":\"ImageObject\",\"inLanguage\":\"de\",\"@id\":\"https:\\\/\\\/benvi.ch\\\/de\\\/#\\\/schema\\\/logo\\\/image\\\/\",\"url\":\"https:\\\/\\\/benvi.ch\\\/wp-content\\\/uploads\\\/2022\\\/02\\\/Benvi-Vektorgrafik_MB.svg\",\"contentUrl\":\"https:\\\/\\\/benvi.ch\\\/wp-content\\\/uploads\\\/2022\\\/02\\\/Benvi-Vektorgrafik_MB.svg\",\"width\":550,\"height\":66,\"caption\":\"BENVI AG\"},\"image\":{\"@id\":\"https:\\\/\\\/benvi.ch\\\/de\\\/#\\\/schema\\\/logo\\\/image\\\/\"}}]}<\/script>\n<!-- \/ Yoast SEO plugin. -->","yoast_head_json":{"title":"Kontakt - BENVI AG","robots":{"index":"index","follow":"follow","max-snippet":"max-snippet:-1","max-image-preview":"max-image-preview:large","max-video-preview":"max-video-preview:-1"},"canonical":"https:\/\/benvi.ch\/de\/kontakt\/","og_locale":"de_DE","og_type":"article","og_title":"Kontakt - BENVI AG","og_description":"Benvi AG BusinesscenterSennweidstrasse 436312 Steinhausen Tel. +41 (0) 58 058 23 23Mail: service@benvi.ch Die Benvi AG wurde gegr\u00fcndet, um nationalen und internationalen Unternehmen die M\u00f6glichkeit zu bieten, im Raume Zug zu fairen Preisen attraktive R\u00e4umlichkeiten zur Verf\u00fcgung zu stellen.\u00a0 Weitere Dienstleistungen stehen s\u00e4mtlichen Mietern zu Vorzugskonditionen bereit.\u00a0 Die Inhaber der Benvi AG sind kantonal, national [&hellip;]","og_url":"https:\/\/benvi.ch\/de\/kontakt\/","og_site_name":"BENVI AG","article_modified_time":"2024-02-29T14:28:32+00:00","twitter_card":"summary_large_image","twitter_misc":{"Gesch\u00e4tzte Lesezeit":"1\u00a0Minute"},"schema":{"@context":"https:\/\/schema.org","@graph":[{"@type":"WebPage","@id":"https:\/\/benvi.ch\/de\/kontakt\/","url":"https:\/\/benvi.ch\/de\/kontakt\/","name":"Kontakt - BENVI AG","isPartOf":{"@id":"https:\/\/benvi.ch\/de\/#website"},"datePublished":"2022-02-25T18:03:21+00:00","dateModified":"2024-02-29T14:28:32+00:00","breadcrumb":{"@id":"https:\/\/benvi.ch\/de\/kontakt\/#breadcrumb"},"inLanguage":"de","potentialAction":[{"@type":"ReadAction","target":["https:\/\/benvi.ch\/de\/kontakt\/"]}]},{"@type":"BreadcrumbList","@id":"https:\/\/benvi.ch\/de\/kontakt\/#breadcrumb","itemListElement":[{"@type":"ListItem","position":1,"name":"Home","item":"https:\/\/benvi.ch\/de\/"},{"@type":"ListItem","position":2,"name":"Kontakt"}]},{"@type":"WebSite","@id":"https:\/\/benvi.ch\/de\/#website","url":"https:\/\/benvi.ch\/de\/","name":"BENVI AG","description":"Businesscenter","publisher":{"@id":"https:\/\/benvi.ch\/de\/#organization"},"potentialAction":[{"@type":"SearchAction","target":{"@type":"EntryPoint","urlTemplate":"https:\/\/benvi.ch\/de\/?s={search_term_string}"},"query-input":{"@type":"PropertyValueSpecification","valueRequired":true,"valueName":"search_term_string"}}],"inLanguage":"de"},{"@type":"Organization","@id":"https:\/\/benvi.ch\/de\/#organization","name":"BENVI AG","url":"https:\/\/benvi.ch\/de\/","logo":{"@type":"ImageObject","inLanguage":"de","@id":"https:\/\/benvi.ch\/de\/#\/schema\/logo\/image\/","url":"https:\/\/benvi.ch\/wp-content\/uploads\/2022\/02\/Benvi-Vektorgrafik_MB.svg","contentUrl":"https:\/\/benvi.ch\/wp-content\/uploads\/2022\/02\/Benvi-Vektorgrafik_MB.svg","width":550,"height":66,"caption":"BENVI AG"},"image":{"@id":"https:\/\/benvi.ch\/de\/#\/schema\/logo\/image\/"}}]}},"_links":{"self":[{"href":"https:\/\/benvi.ch\/de\/wp-json\/wp\/v2\/pages\/22","targetHints":{"allow":["GET"]}}],"collection":[{"href":"https:\/\/benvi.ch\/de\/wp-json\/wp\/v2\/pages"}],"about":[{"href":"https:\/\/benvi.ch\/de\/wp-json\/wp\/v2\/types\/page"}],"author":[{"embeddable":true,"href":"https:\/\/benvi.ch\/de\/wp-json\/wp\/v2\/users\/1"}],"replies":[{"embeddable":true,"href":"https:\/\/benvi.ch\/de\/wp-json\/wp\/v2\/comments?post=22"}],"version-history":[{"count":58,"href":"https:\/\/benvi.ch\/de\/wp-json\/wp\/v2\/pages\/22\/revisions"}],"predecessor-version":[{"id":702,"href":"https:\/\/benvi.ch\/de\/wp-json\/wp\/v2\/pages\/22\/revisions\/702"}],"wp:attachment":[{"href":"https:\/\/benvi.ch\/de\/wp-json\/wp\/v2\/media?parent=22"}],"curies":[{"name":"wp","href":"https:\/\/api.w.org\/{rel}","templated":true}]}}